{"id":6761,"date":"2024-05-03T21:10:42","date_gmt":"2024-05-03T21:10:42","guid":{"rendered":"https:\/producto\/botella-de-agua-de-tritan-para-el-camino-de-santiago\/"},"modified":"2024-06-26T17:17:51","modified_gmt":"2024-06-26T17:17:51","slug":"botella-de-agua-de-tritan-para-el-camino-de-santiago","status":"publish","type":"product","link":"https:\/\/peregrinosway.com\/en\/product\/botella-de-agua-de-tritan-para-el-camino-de-santiago\/","title":{"rendered":"Camino de Santiago Tritan Water Bottle"},"content":{"rendered":"<p>Te gustar\u00eda llevar contigo un recuerdo del Camino de Santiago? Esta botella de agua de tritan es el complemento perfecto para tu aventura. Est\u00e1 hecha de un material resistente, ligero y libre de BPA, que te mantendr\u00e1 hidratado durante todo el recorrido.<\/p>\n<p>La botella tiene un dise\u00f1o exclusivo inspirado en el Camino de Santiago. Se trata de la distintiva Vieira del Camino de Santiago sobre un paisaje de un bosque y abajo 3 flechas amarillas que nos indican el camino de nuestro peregrinaje.<\/p>\n<p>Esta botella de agua de tritan es un regalo ideal para ti o para alguien especial que haya hecho o quiera hacer el Camino de Santiago. Es una forma de recordar y compartir una experiencia \u00fanica e inolvidable. No lo dudes y hazte con esta botella de agua de tritan del Camino de Santiago. \u00a1Te encantar\u00e1!<\/p>\n<p>.: Material: Eastman Tritan\u2122<br \/>\n.: Single-wall bottle<br \/>\n.: Twist-on lid<br \/>\n.: Comes in 7 different color variants<\/p>","protected":false},"excerpt":{"rendered":"<p>Te gustar\u00eda llevar contigo un recuerdo del Camino de Santiago? Esta botella de agua de tritan es el complemento perfecto para tu aventura. Est\u00e1 hecha de un material resistente, ligero y libre de BPA, que te mantendr\u00e1 hidratado durante todo el recorrido. La botella tiene un dise\u00f1o exclusivo inspirado en el Camino de Santiago. Se [&hellip;]<\/p>\n","protected":false},"featured_media":6767,"template":"","meta":{"_uag_custom_page_level_css":"","site-sidebar-layout":"default","site-content-layout":"","ast-site-content-layout":"default","site-content-style":"default","site-sidebar-style":"default","ast-global-header-display":"","ast-banner-title-visibility":"","ast-main-header-display":"","ast-hfb-above-header-display":"","ast-hfb-below-header-display":"","ast-hfb-mobile-header-display":"","site-post-title":"","ast-breadcrumbs-content":"","ast-featured-img":"","footer-sml-layout":"","theme-transparent-header-meta":"","adv-header-id-meta":"","stick-header-meta":"","header-above-stick-meta":"","header-main-stick-meta":"","header-below-stick-meta":"","astra-migrate-meta-layouts":"default","ast-page-background-enabled":"default","ast-page-background-meta":{"desktop":{"background-color":"","background-image":"","background-repeat":"repeat","background-position":"center center","background-size":"auto","background-attachment":"scroll","background-type":"","background-media":"","overlay-type":"","overlay-color":"","overlay-opacity":"","overlay-gradient":""},"tablet":{"background-color":"","background-image":"","background-repeat":"repeat","background-position":"center center","background-size":"auto","background-attachment":"scroll","background-type":"","background-media":"","overlay-type":"","overlay-color":"","overlay-opacity":"","overlay-gradient":""},"mobile":{"background-color":"","background-image":"","background-repeat":"repeat","background-position":"center center","background-size":"auto","background-attachment":"scroll","background-type":"","background-media":"","overlay-type":"","overlay-color":"","overlay-opacity":"","overlay-gradient":""}},"ast-content-background-meta":{"desktop":{"background-color":"var(--ast-global-color-5)","background-image":"","background-repeat":"repeat","background-position":"center center","background-size":"auto","background-attachment":"scroll","background-type":"","background-media":"","overlay-type":"","overlay-color":"","overlay-opacity":"","overlay-gradient":""},"tablet":{"background-color":"var(--ast-global-color-5)","background-image":"","background-repeat":"repeat","background-position":"center center","background-size":"auto","background-attachment":"scroll","background-type":"","background-media":"","overlay-type":"","overlay-color":"","overlay-opacity":"","overlay-gradient":""},"mobile":{"background-color":"var(--ast-global-color-5)","background-image":"","background-repeat":"repeat","background-position":"center center","background-size":"auto","background-attachment":"scroll","background-type":"","background-media":"","overlay-type":"","overlay-color":"","overlay-opacity":"","overlay-gradient":""}}},"product_brand":[],"product_cat":[3,732],"product_tag":[],"class_list":{"0":"post-6761","1":"product","2":"type-product","3":"status-publish","4":"has-post-thumbnail","6":"product_cat-accesorios","7":"product_cat-botella-de-agua","8":"desktop-align-left","9":"tablet-align-left","10":"mobile-align-left","12":"first","13":"instock","14":"taxable","15":"shipping-taxable","16":"purchasable","17":"product-type-variable","18":"has-default-attributes"},"uagb_featured_image_src":{"full":["https:\/\/peregrinosway.com\/wp-content\/uploads\/2024\/05\/73361-42.jpg",1200,1200,false],"thumbnail":["https:\/\/peregrinosway.com\/wp-content\/uploads\/2024\/05\/73361-42-150x150.jpg",150,150,true],"medium":["https:\/\/peregrinosway.com\/wp-content\/uploads\/2024\/05\/73361-42-300x300.jpg",300,300,true],"medium_large":["https:\/\/peregrinosway.com\/wp-content\/uploads\/2024\/05\/73361-42-768x768.jpg",768,768,true],"large":["https:\/\/peregrinosway.com\/wp-content\/uploads\/2024\/05\/73361-42-1024x1024.jpg",1024,1024,true],"1536x1536":["https:\/\/peregrinosway.com\/wp-content\/uploads\/2024\/05\/73361-42.jpg",1200,1200,false],"2048x2048":["https:\/\/peregrinosway.com\/wp-content\/uploads\/2024\/05\/73361-42.jpg",1200,1200,false],"trp-custom-language-flag":["https:\/\/peregrinosway.com\/wp-content\/uploads\/2024\/05\/73361-42.jpg",12,12,false],"mailpoet_newsletter_max":["https:\/\/peregrinosway.com\/wp-content\/uploads\/2024\/05\/73361-42.jpg",1200,1200,false],"woocommerce_thumbnail":["https:\/\/peregrinosway.com\/wp-content\/uploads\/2024\/05\/73361-42-300x300.jpg",300,300,true],"woocommerce_single":["https:\/\/peregrinosway.com\/wp-content\/uploads\/2024\/05\/73361-42-600x600.jpg",600,600,true],"woocommerce_gallery_thumbnail":["https:\/\/peregrinosway.com\/wp-content\/uploads\/2024\/05\/73361-42-100x100.jpg",100,100,true],"dgwt-wcas-product-suggestion":["https:\/\/peregrinosway.com\/wp-content\/uploads\/2024\/05\/73361-42-64x64.jpg",64,64,true]},"uagb_author_info":{"display_name":"Peregrinosway@gmail.com","author_link":"https:\/\/peregrinosway.com\/en\/author\/"},"uagb_comment_info":0,"uagb_excerpt":"Te gustar\u00eda llevar contigo un recuerdo del Camino de Santiago? Esta botella de agua de tritan es el complemento perfecto para tu aventura. Est\u00e1 hecha de un material resistente, ligero y libre de BPA, que te mantendr\u00e1 hidratado durante todo el recorrido. La botella tiene un dise\u00f1o exclusivo inspirado en el Camino de Santiago. Se&hellip;","jetpack_sharing_enabled":true,"_links":{"self":[{"href":"https:\/\/peregrinosway.com\/en\/wp-json\/wp\/v2\/product\/6761","targetHints":{"allow":["GET"]}}],"collection":[{"href":"https:\/\/peregrinosway.com\/en\/wp-json\/wp\/v2\/product"}],"about":[{"href":"https:\/\/peregrinosway.com\/en\/wp-json\/wp\/v2\/types\/product"}],"wp:featuredmedia":[{"embeddable":true,"href":"https:\/\/peregrinosway.com\/en\/wp-json\/wp\/v2\/media\/6767"}],"wp:attachment":[{"href":"https:\/\/peregrinosway.com\/en\/wp-json\/wp\/v2\/media?parent=6761"}],"wp:term":[{"taxonomy":"product_brand","embeddable":true,"href":"https:\/\/peregrinosway.com\/en\/wp-json\/wp\/v2\/product_brand?post=6761"},{"taxonomy":"product_cat","embeddable":true,"href":"https:\/\/peregrinosway.com\/en\/wp-json\/wp\/v2\/product_cat?post=6761"},{"taxonomy":"product_tag","embeddable":true,"href":"https:\/\/peregrinosway.com\/en\/wp-json\/wp\/v2\/product_tag?post=6761"}],"curies":[{"name":"wp","href":"https:\/\/api.w.org\/{rel}","templated":true}]}}