{"id":5468,"date":"2024-05-03T14:00:25","date_gmt":"2024-05-03T14:00:25","guid":{"rendered":"https:\/producto\/capri-leggings-de-mujer-mirando-a-las-montanas-hacia-la-vieira-del-camino-de-santiago-2\/"},"modified":"2024-06-26T16:17:05","modified_gmt":"2024-06-26T16:17:05","slug":"capri-leggings-de-mujer-mirando-a-las-montanas-hacia-la-vieira-del-camino-de-santiago-2","status":"publish","type":"product","link":"https:\/\/peregrinosway.com\/en\/product\/capri-leggings-de-mujer-mirando-a-las-montanas-hacia-la-vieira-del-camino-de-santiago-2\/","title":{"rendered":"Women's Capri Leggings Looking at the Mountains to the Camino de Santiago Shell"},"content":{"rendered":"<p>Si te gusta el Camino de Santiago, esta Capri Leggings es para ti. Estas leggins est\u00e1 inspirada en la ruta que siguen los peregrinos desde hace siglos hasta llegar a la catedral de Santiago de Compostela.<\/p>\n<p>Cuenta con un dise\u00f1o exclusivo inspirado en el Camino de Santiago donde podemos ver a un Peregrino visualizando la naturaleza que lo separa de su objetivo la Catedral de Santiago. todo esto enmarcado en la significativa Vieira tradicional de este camino, que representa la fe y la esperanza de los peregrinos.<\/p>\n<p>Estas leggins son ideales para los aficionados al Camino de Santiago, o para los que quieren hacerlo alg\u00fan d\u00eda. Es una forma de expresar tu amor por esta aventura y de compartir tu esp\u00edritu peregrino. Adem\u00e1s, es una sudadera calentita, suave y de buena calidad, que podr\u00e1s usar en cualquier \u00e9poca del a\u00f1o.<\/p>\n<p>.: Material: 95% moisture-wicking polyester, 5% spandex<br \/>\n.: Printed-in size and care label<br \/>\n.: White seam stitching<br \/>\n.: Skinny fit<br \/>\n.: Assembled in the USA from globally sourced parts<\/p>","protected":false},"excerpt":{"rendered":"<p>Si te gusta el Camino de Santiago, esta Capri Leggings es para ti. Estas leggins est\u00e1 inspirada en la ruta que siguen los peregrinos desde hace siglos hasta llegar a la catedral de Santiago de Compostela. Cuenta con un dise\u00f1o exclusivo inspirado en el Camino de Santiago donde podemos ver a un Peregrino visualizando la [&hellip;]<\/p>\n","protected":false},"featured_media":5476,"template":"","meta":{"_uag_custom_page_level_css":"","site-sidebar-layout":"default","site-content-layout":"","ast-site-content-layout":"default","site-content-style":"default","site-sidebar-style":"default","ast-global-header-display":"","ast-banner-title-visibility":"","ast-main-header-display":"","ast-hfb-above-header-display":"","ast-hfb-below-header-display":"","ast-hfb-mobile-header-display":"","site-post-title":"","ast-breadcrumbs-content":"","ast-featured-img":"","footer-sml-layout":"","theme-transparent-header-meta":"default","adv-header-id-meta":"","stick-header-meta":"","header-above-stick-meta":"","header-main-stick-meta":"","header-below-stick-meta":"","astra-migrate-meta-layouts":"set","ast-page-background-enabled":"default","ast-page-background-meta":{"desktop":{"background-color":"","background-image":"","background-repeat":"repeat","background-position":"center center","background-size":"auto","background-attachment":"scroll","background-type":"","background-media":"","overlay-type":"","overlay-color":"","overlay-opacity":"","overlay-gradient":""},"tablet":{"background-color":"","background-image":"","background-repeat":"repeat","background-position":"center center","background-size":"auto","background-attachment":"scroll","background-type":"","background-media":"","overlay-type":"","overlay-color":"","overlay-opacity":"","overlay-gradient":""},"mobile":{"background-color":"","background-image":"","background-repeat":"repeat","background-position":"center center","background-size":"auto","background-attachment":"scroll","background-type":"","background-media":"","overlay-type":"","overlay-color":"","overlay-opacity":"","overlay-gradient":""}},"ast-content-background-meta":{"desktop":{"background-color":"var(--ast-global-color-5)","background-image":"","background-repeat":"repeat","background-position":"center center","background-size":"auto","background-attachment":"scroll","background-type":"","background-media":"","overlay-type":"","overlay-color":"","overlay-opacity":"","overlay-gradient":""},"tablet":{"background-color":"var(--ast-global-color-5)","background-image":"","background-repeat":"repeat","background-position":"center center","background-size":"auto","background-attachment":"scroll","background-type":"","background-media":"","overlay-type":"","overlay-color":"","overlay-opacity":"","overlay-gradient":""},"mobile":{"background-color":"var(--ast-global-color-5)","background-image":"","background-repeat":"repeat","background-position":"center center","background-size":"auto","background-attachment":"scroll","background-type":"","background-media":"","overlay-type":"","overlay-color":"","overlay-opacity":"","overlay-gradient":""}}},"product_brand":[],"product_cat":[734,735],"product_tag":[],"class_list":{"0":"post-5468","1":"product","2":"type-product","3":"status-publish","4":"has-post-thumbnail","6":"product_cat-leggins","7":"product_cat-pantalones","8":"desktop-align-left","9":"tablet-align-left","10":"mobile-align-left","12":"first","13":"instock","14":"taxable","15":"shipping-taxable","16":"purchasable","17":"product-type-variable","18":"has-default-attributes"},"uagb_featured_image_src":{"full":["https:\/\/peregrinosway.com\/wp-content\/uploads\/2024\/05\/82045-141.jpg",1200,1200,false],"thumbnail":["https:\/\/peregrinosway.com\/wp-content\/uploads\/2024\/05\/82045-141-150x150.jpg",150,150,true],"medium":["https:\/\/peregrinosway.com\/wp-content\/uploads\/2024\/05\/82045-141-300x300.jpg",300,300,true],"medium_large":["https:\/\/peregrinosway.com\/wp-content\/uploads\/2024\/05\/82045-141-768x768.jpg",768,768,true],"large":["https:\/\/peregrinosway.com\/wp-content\/uploads\/2024\/05\/82045-141-1024x1024.jpg",1024,1024,true],"1536x1536":["https:\/\/peregrinosway.com\/wp-content\/uploads\/2024\/05\/82045-141.jpg",1200,1200,false],"2048x2048":["https:\/\/peregrinosway.com\/wp-content\/uploads\/2024\/05\/82045-141.jpg",1200,1200,false],"trp-custom-language-flag":["https:\/\/peregrinosway.com\/wp-content\/uploads\/2024\/05\/82045-141.jpg",12,12,false],"mailpoet_newsletter_max":["https:\/\/peregrinosway.com\/wp-content\/uploads\/2024\/05\/82045-141.jpg",1200,1200,false],"woocommerce_thumbnail":["https:\/\/peregrinosway.com\/wp-content\/uploads\/2024\/05\/82045-141-300x300.jpg",300,300,true],"woocommerce_single":["https:\/\/peregrinosway.com\/wp-content\/uploads\/2024\/05\/82045-141-600x600.jpg",600,600,true],"woocommerce_gallery_thumbnail":["https:\/\/peregrinosway.com\/wp-content\/uploads\/2024\/05\/82045-141-100x100.jpg",100,100,true],"dgwt-wcas-product-suggestion":["https:\/\/peregrinosway.com\/wp-content\/uploads\/2024\/05\/82045-141-64x64.jpg",64,64,true]},"uagb_author_info":{"display_name":"Peregrinosway@gmail.com","author_link":"https:\/\/peregrinosway.com\/en\/author\/"},"uagb_comment_info":0,"uagb_excerpt":"Si te gusta el Camino de Santiago, esta Capri Leggings es para ti. Estas leggins est\u00e1 inspirada en la ruta que siguen los peregrinos desde hace siglos hasta llegar a la catedral de Santiago de Compostela. Cuenta con un dise\u00f1o exclusivo inspirado en el Camino de Santiago donde podemos ver a un Peregrino visualizando la&hellip;","jetpack_sharing_enabled":true,"_links":{"self":[{"href":"https:\/\/peregrinosway.com\/en\/wp-json\/wp\/v2\/product\/5468","targetHints":{"allow":["GET"]}}],"collection":[{"href":"https:\/\/peregrinosway.com\/en\/wp-json\/wp\/v2\/product"}],"about":[{"href":"https:\/\/peregrinosway.com\/en\/wp-json\/wp\/v2\/types\/product"}],"wp:featuredmedia":[{"embeddable":true,"href":"https:\/\/peregrinosway.com\/en\/wp-json\/wp\/v2\/media\/5476"}],"wp:attachment":[{"href":"https:\/\/peregrinosway.com\/en\/wp-json\/wp\/v2\/media?parent=5468"}],"wp:term":[{"taxonomy":"product_brand","embeddable":true,"href":"https:\/\/peregrinosway.com\/en\/wp-json\/wp\/v2\/product_brand?post=5468"},{"taxonomy":"product_cat","embeddable":true,"href":"https:\/\/peregrinosway.com\/en\/wp-json\/wp\/v2\/product_cat?post=5468"},{"taxonomy":"product_tag","embeddable":true,"href":"https:\/\/peregrinosway.com\/en\/wp-json\/wp\/v2\/product_tag?post=5468"}],"curies":[{"name":"wp","href":"https:\/\/api.w.org\/{rel}","templated":true}]}}