{"id":5146,"date":"2024-05-03T13:49:49","date_gmt":"2024-05-03T13:49:49","guid":{"rendered":"https:\/producto\/capri-leggings-de-mujer-del-camino-de-santiago-lets-go-buen-camino-2\/"},"modified":"2024-06-26T16:46:29","modified_gmt":"2024-06-26T16:46:29","slug":"capri-leggings-de-mujer-del-camino-de-santiago-lets-go-buen-camino-2","status":"publish","type":"product","link":"https:\/\/peregrinosway.com\/en\/product\/capri-leggings-de-mujer-del-camino-de-santiago-lets-go-buen-camino-2\/","title":{"rendered":"Capri Leggings de Mujer del Camino de Santiago \u00abLet&#8217;s Go\u00bb, Buen Camino"},"content":{"rendered":"<p>Si te gusta el Camino de Santiago, esta Capri Leggings es para ti. Estas leggins est\u00e1 inspirada en la ruta que siguen los peregrinos desde hace siglos hasta llegar a la catedral de Santiago de Compostela. Tiene un estampado de unos dibujos animados en la que se puede visualizar un feliz coraz\u00f3n animado haciendo el Camino de Santiago, con su mochila, en la parte superior el mensaje \u00abBuen Kmino\u00bb y en la parte inferior \u00abLet&#8217;s Go\u00bb.<\/p>\n<p>Estas leggins son ideales para los aficionados al Camino de Santiago, o para los que quieren hacerlo alg\u00fan d\u00eda. Es una forma de expresar tu amor por esta aventura y de compartir tu esp\u00edritu peregrino. Adem\u00e1s, es una sudadera calentita, suave y de buena calidad, que podr\u00e1s usar en cualquier \u00e9poca del a\u00f1o.<\/p>\n<p>.: Material: 95% moisture-wicking polyester, 5% spandex<br \/>\n.: Printed-in size and care label<br \/>\n.: White seam stitching<br \/>\n.: Skinny fit<br \/>\n.: Assembled in the USA from globally sourced parts<\/p>","protected":false},"excerpt":{"rendered":"<p>Si te gusta el Camino de Santiago, esta Capri Leggings es para ti. Estas leggins est\u00e1 inspirada en la ruta que siguen los peregrinos desde hace siglos hasta llegar a la catedral de Santiago de Compostela. Tiene un estampado de unos dibujos animados en la que se puede visualizar un feliz coraz\u00f3n animado haciendo el [&hellip;]<\/p>\n","protected":false},"featured_media":5154,"template":"","meta":{"_uag_custom_page_level_css":"","site-sidebar-layout":"default","site-content-layout":"","ast-site-content-layout":"default","site-content-style":"default","site-sidebar-style":"default","ast-global-header-display":"","ast-banner-title-visibility":"","ast-main-header-display":"","ast-hfb-above-header-display":"","ast-hfb-below-header-display":"","ast-hfb-mobile-header-display":"","site-post-title":"","ast-breadcrumbs-content":"","ast-featured-img":"","footer-sml-layout":"","theme-transparent-header-meta":"default","adv-header-id-meta":"","stick-header-meta":"","header-above-stick-meta":"","header-main-stick-meta":"","header-below-stick-meta":"","astra-migrate-meta-layouts":"set","ast-page-background-enabled":"default","ast-page-background-meta":{"desktop":{"background-color":"","background-image":"","background-repeat":"repeat","background-position":"center center","background-size":"auto","background-attachment":"scroll","background-type":"","background-media":"","overlay-type":"","overlay-color":"","overlay-opacity":"","overlay-gradient":""},"tablet":{"background-color":"","background-image":"","background-repeat":"repeat","background-position":"center center","background-size":"auto","background-attachment":"scroll","background-type":"","background-media":"","overlay-type":"","overlay-color":"","overlay-opacity":"","overlay-gradient":""},"mobile":{"background-color":"","background-image":"","background-repeat":"repeat","background-position":"center center","background-size":"auto","background-attachment":"scroll","background-type":"","background-media":"","overlay-type":"","overlay-color":"","overlay-opacity":"","overlay-gradient":""}},"ast-content-background-meta":{"desktop":{"background-color":"var(--ast-global-color-5)","background-image":"","background-repeat":"repeat","background-position":"center center","background-size":"auto","background-attachment":"scroll","background-type":"","background-media":"","overlay-type":"","overlay-color":"","overlay-opacity":"","overlay-gradient":""},"tablet":{"background-color":"var(--ast-global-color-5)","background-image":"","background-repeat":"repeat","background-position":"center center","background-size":"auto","background-attachment":"scroll","background-type":"","background-media":"","overlay-type":"","overlay-color":"","overlay-opacity":"","overlay-gradient":""},"mobile":{"background-color":"var(--ast-global-color-5)","background-image":"","background-repeat":"repeat","background-position":"center center","background-size":"auto","background-attachment":"scroll","background-type":"","background-media":"","overlay-type":"","overlay-color":"","overlay-opacity":"","overlay-gradient":""}}},"product_brand":[],"product_cat":[734,735],"product_tag":[],"class_list":{"0":"post-5146","1":"product","2":"type-product","3":"status-publish","4":"has-post-thumbnail","6":"product_cat-leggins","7":"product_cat-pantalones","8":"desktop-align-left","9":"tablet-align-left","10":"mobile-align-left","12":"first","13":"instock","14":"taxable","15":"shipping-taxable","16":"purchasable","17":"product-type-variable","18":"has-default-attributes"},"uagb_featured_image_src":{"full":["https:\/\/peregrinosway.com\/wp-content\/uploads\/2024\/05\/82045-22.jpg",1200,1200,false],"thumbnail":["https:\/\/peregrinosway.com\/wp-content\/uploads\/2024\/05\/82045-22-150x150.jpg",150,150,true],"medium":["https:\/\/peregrinosway.com\/wp-content\/uploads\/2024\/05\/82045-22-300x300.jpg",300,300,true],"medium_large":["https:\/\/peregrinosway.com\/wp-content\/uploads\/2024\/05\/82045-22-768x768.jpg",768,768,true],"large":["https:\/\/peregrinosway.com\/wp-content\/uploads\/2024\/05\/82045-22-1024x1024.jpg",1024,1024,true],"1536x1536":["https:\/\/peregrinosway.com\/wp-content\/uploads\/2024\/05\/82045-22.jpg",1200,1200,false],"2048x2048":["https:\/\/peregrinosway.com\/wp-content\/uploads\/2024\/05\/82045-22.jpg",1200,1200,false],"trp-custom-language-flag":["https:\/\/peregrinosway.com\/wp-content\/uploads\/2024\/05\/82045-22.jpg",12,12,false],"mailpoet_newsletter_max":["https:\/\/peregrinosway.com\/wp-content\/uploads\/2024\/05\/82045-22.jpg",1200,1200,false],"woocommerce_thumbnail":["https:\/\/peregrinosway.com\/wp-content\/uploads\/2024\/05\/82045-22-300x300.jpg",300,300,true],"woocommerce_single":["https:\/\/peregrinosway.com\/wp-content\/uploads\/2024\/05\/82045-22-600x600.jpg",600,600,true],"woocommerce_gallery_thumbnail":["https:\/\/peregrinosway.com\/wp-content\/uploads\/2024\/05\/82045-22-100x100.jpg",100,100,true],"dgwt-wcas-product-suggestion":["https:\/\/peregrinosway.com\/wp-content\/uploads\/2024\/05\/82045-22-64x64.jpg",64,64,true]},"uagb_author_info":{"display_name":"Peregrinosway@gmail.com","author_link":"https:\/\/peregrinosway.com\/en\/author\/"},"uagb_comment_info":0,"uagb_excerpt":"Si te gusta el Camino de Santiago, esta Capri Leggings es para ti. Estas leggins est\u00e1 inspirada en la ruta que siguen los peregrinos desde hace siglos hasta llegar a la catedral de Santiago de Compostela. Tiene un estampado de unos dibujos animados en la que se puede visualizar un feliz coraz\u00f3n animado haciendo el&hellip;","jetpack_sharing_enabled":true,"_links":{"self":[{"href":"https:\/\/peregrinosway.com\/en\/wp-json\/wp\/v2\/product\/5146","targetHints":{"allow":["GET"]}}],"collection":[{"href":"https:\/\/peregrinosway.com\/en\/wp-json\/wp\/v2\/product"}],"about":[{"href":"https:\/\/peregrinosway.com\/en\/wp-json\/wp\/v2\/types\/product"}],"wp:featuredmedia":[{"embeddable":true,"href":"https:\/\/peregrinosway.com\/en\/wp-json\/wp\/v2\/media\/5154"}],"wp:attachment":[{"href":"https:\/\/peregrinosway.com\/en\/wp-json\/wp\/v2\/media?parent=5146"}],"wp:term":[{"taxonomy":"product_brand","embeddable":true,"href":"https:\/\/peregrinosway.com\/en\/wp-json\/wp\/v2\/product_brand?post=5146"},{"taxonomy":"product_cat","embeddable":true,"href":"https:\/\/peregrinosway.com\/en\/wp-json\/wp\/v2\/product_cat?post=5146"},{"taxonomy":"product_tag","embeddable":true,"href":"https:\/\/peregrinosway.com\/en\/wp-json\/wp\/v2\/product_tag?post=5146"}],"curies":[{"name":"wp","href":"https:\/\/api.w.org\/{rel}","templated":true}]}}