{"id":3732,"date":"2024-04-26T17:02:29","date_gmt":"2024-04-26T17:02:29","guid":{"rendered":"https:\/?page_id=3732"},"modified":"2025-08-24T11:36:29","modified_gmt":"2025-08-24T11:36:29","slug":"terminos-y-condiciones","status":"publish","type":"page","link":"https:\/\/peregrinosway.com\/en\/terminos-y-condiciones\/","title":{"rendered":"Terms and Conditions"},"content":{"rendered":"<p>Bienvenido a <strong>PeregrinosWay<\/strong>. Estos T\u00e9rminos y Condiciones (\u00abT\u00e9rminos\u00bb) rigen tu uso de nuestro sitio web ubicado en <a href=\"https:\/\/peregrinosway.com\/en\/\">www.peregrinosway.com<\/a> y la compra de nuestros productos. Al acceder o utilizar el Sitio, aceptas cumplir con estos T\u00e9rminos. Si no est\u00e1s de acuerdo con alguna parte de los T\u00e9rminos, no debes utilizar el Sitio.<\/p>\n\n\n\n<h3 class=\"wp-block-heading\">Informaci\u00f3n de la Compa\u00f1\u00eda<\/h3>\n\n\n\n<ul class=\"wp-block-list\">\n<li>Nombre comercial: <strong>PeregrinosWay<\/strong><\/li>\n\n\n\n<li>Correo electr\u00f3nico de contacto: <strong><a>info@peregrinosway.com<\/a><\/strong><\/li>\n\n\n\n<li>Ubicaci\u00f3n: Galicia, Espa\u00f1a<\/li>\n<\/ul>\n\n\n\n<h3 class=\"wp-block-heading\">Uso del Sitio<\/h3>\n\n\n\n<p>Al utilizar nuestro Sitio, aceptas que:<\/p>\n\n\n\n<ul class=\"wp-block-list\">\n<li>Tienes al menos 18 a\u00f1os o la mayor\u00eda de edad legal en tu jurisdicci\u00f3n.<\/li>\n\n\n\n<li>Proporcionar\u00e1s informaci\u00f3n precisa, actual y completa cuando se te requiera.<\/li>\n\n\n\n<li>No utilizar\u00e1s el Sitio para fines ilegales o no autorizados.<\/li>\n<\/ul>\n\n\n\n<h3 class=\"wp-block-heading\">Products and Services<\/h3>\n\n\n\n<h4 class=\"wp-block-heading\">Descripci\u00f3n de Productos<\/h4>\n\n\n\n<p>Nos esforzamos por describir y mostrar nuestros productos con la mayor precisi\u00f3n posible. Sin embargo, no garantizamos que las descripciones de productos, precios u otro contenido del Sitio sean precisos, completos, fiables, actuales o libres de errores.<\/p>\n\n\n\n<h4 class=\"wp-block-heading\">Precios y Pagos<\/h4>\n\n\n\n<ul class=\"wp-block-list\">\n<li>Todos los precios est\u00e1n en euros y est\u00e1n sujetos a cambios sin previo aviso.<\/li>\n\n\n\n<li>Aceptamos los siguientes m\u00e9todos de pago: Tarjeta de Cr\u00e9dito\/D\u00e9bito, Apple Pay, Google Pay.<\/li>\n\n\n\n<li>Debes proporcionar informaci\u00f3n v\u00e1lida y correcta de pago.<\/li>\n<\/ul>\n\n\n\n<h3 class=\"wp-block-heading\">Env\u00edos y Devoluciones<\/h3>\n\n\n\n<h4 class=\"wp-block-heading\">Env\u00edos<\/h4>\n\n\n\n<ul class=\"wp-block-list\">\n<li><strong>Tiempo de Procesamiento:<\/strong> 2-5 d\u00edas h\u00e1biles (puede variar).<\/li>\n\n\n\n<li><strong>M\u00e9todos de Env\u00edo:<\/strong> Env\u00edo Est\u00e1ndar.<\/li>\n\n\n\n<li><strong>Costo de Env\u00edo:<\/strong> Depende del destino.<\/li>\n<\/ul>\n\n\n\n<h4 class=\"wp-block-heading\">Devoluciones<\/h4>\n\n\n\n<ul class=\"wp-block-list\">\n<li><strong>Pol\u00edtica de Devoluciones:<\/strong> Aceptamos devoluciones dentro de los 15 d\u00edas desde la recepci\u00f3n del pedido, pero debido a que trabajamos con impresi\u00f3n bajo demanda del cliente, solo se aceptan cambios y devoluciones por defecto del producto. El producto debe estar sin usar.<\/li>\n\n\n\n<li><strong>Proceso de Devoluci\u00f3n:<\/strong><\/li>\n<\/ul>\n\n\n\n<ol class=\"wp-block-list\">\n<li><strong>Contacto inicial<\/strong>: env\u00eda un correo electr\u00f3nico a <strong><a>info@peregrinosway.com<\/a><\/strong> dentro de los 15 d\u00edas siguientes a la recepci\u00f3n del pedido, indicando el n\u00famero de pedido y una descripci\u00f3n del defecto del producto.<\/li>\n\n\n\n<li><strong>Instrucciones de Devoluci\u00f3n<\/strong>: Nuestro equipo de servicio al cliente te proporcionar\u00e1 instrucciones detalladas sobre c\u00f3mo devolver el producto<\/li>\n\n\n\n<li><strong>Env\u00eda el Producto<\/strong>: Devuelve el producto sin usar siguiendo las instrucciones proporcionadas.<\/li>\n\n\n\n<li><strong>Proceso de Inspecci\u00f3n y Respuesta<\/strong>: Tras la recepci\u00f3n e inspecci\u00f3n del producto, te informaremos sobre la aprobaci\u00f3n de la devoluci\u00f3n y procederemos con el reembolso o el reemplazo del producto.<\/li>\n<\/ol>\n\n\n\n<h3 class=\"wp-block-heading\">Propiedad Intelectual<\/h3>\n\n\n\n<p>Todos los contenidos del Sitio, incluidos textos, gr\u00e1ficos, logotipos, im\u00e1genes, clips de audio, descargas digitales, compilaciones de datos y software, son propiedad de PeregrinosWay o de sus proveedores de contenido y est\u00e1n protegidos por las leyes de derechos de autor internacionales.<\/p>\n\n\n\n<h3 class=\"wp-block-heading\">Limitaci\u00f3n de Responsabilidad<\/h3>\n\n\n\n<p>PeregrinosWay no ser\u00e1 responsable de ning\u00fan da\u00f1o indirecto, incidental, especial o consecuente que resulte del uso o la imposibilidad de usar el Sitio o los productos, incluso si PeregrinosWay ha sido informado de la posibilidad de dichos da\u00f1os.<\/p>\n\n\n\n<h3 class=\"wp-block-heading\">Cambios en los T\u00e9rminos<\/h3>\n\n\n\n<p>Nos reservamos el derecho de actualizar o modificar estos T\u00e9rminos en cualquier momento sin previo aviso. Tu uso continuado del Sitio despu\u00e9s de cualquier cambio constituye tu aceptaci\u00f3n de los nuevos T\u00e9rminos.<\/p>\n\n\n\n<h3 class=\"wp-block-heading\">contact<\/h3>\n\n\n\n<p>Si tienes alguna pregunta sobre estos T\u00e9rminos, por favor cont\u00e1ctanos en:<\/p>\n\n\n\n<ul class=\"wp-block-list\">\n<li>Correo electr\u00f3nico: <strong><a>info@peregrinosway.com<\/a><\/strong><\/li>\n<\/ul>\n\n\n\n<p><\/p>","protected":false},"excerpt":{"rendered":"<p>Bienvenido a PeregrinosWay. Estos T\u00e9rminos y Condiciones (\u00abT\u00e9rminos\u00bb) rigen tu uso de nuestro sitio web ubicado en www.peregrinosway.com y la compra de nuestros productos. Al acceder o utilizar el Sitio, aceptas cumplir con estos T\u00e9rminos. Si no est\u00e1s de acuerdo con alguna parte de los T\u00e9rminos, no debes utilizar el Sitio. Informaci\u00f3n de la Compa\u00f1\u00eda [&hellip;]<\/p>\n","protected":false},"author":1,"featured_media":0,"parent":0,"menu_order":0,"comment_status":"closed","ping_status":"closed","template":"","meta":{"_uag_custom_page_level_css":"","site-sidebar-layout":"default","site-content-layout":"","ast-site-content-layout":"default","site-content-style":"default","site-sidebar-style":"default","ast-global-header-display":"","ast-banner-title-visibility":"","ast-main-header-display":"","ast-hfb-above-header-display":"","ast-hfb-below-header-display":"","ast-hfb-mobile-header-display":"","site-post-title":"","ast-breadcrumbs-content":"","ast-featured-img":"","footer-sml-layout":"","theme-transparent-header-meta":"","adv-header-id-meta":"","stick-header-meta":"","header-above-stick-meta":"","header-main-stick-meta":"","header-below-stick-meta":"","astra-migrate-meta-layouts":"set","ast-page-background-enabled":"default","ast-page-background-meta":{"desktop":{"background-color":"","background-image":"","background-repeat":"repeat","background-position":"center center","background-size":"auto","background-attachment":"scroll","background-type":"","background-media":"","overlay-type":"","overlay-color":"","overlay-opacity":"","overlay-gradient":""},"tablet":{"background-color":"","background-image":"","background-repeat":"repeat","background-position":"center center","background-size":"auto","background-attachment":"scroll","background-type":"","background-media":"","overlay-type":"","overlay-color":"","overlay-opacity":"","overlay-gradient":""},"mobile":{"background-color":"","background-image":"","background-repeat":"repeat","background-position":"center center","background-size":"auto","background-attachment":"scroll","background-type":"","background-media":"","overlay-type":"","overlay-color":"","overlay-opacity":"","overlay-gradient":""}},"ast-content-background-meta":{"desktop":{"background-color":"var(--ast-global-color-5)","background-image":"","background-repeat":"repeat","background-position":"center center","background-size":"auto","background-attachment":"scroll","background-type":"","background-media":"","overlay-type":"","overlay-color":"","overlay-opacity":"","overlay-gradient":""},"tablet":{"background-color":"var(--ast-global-color-5)","background-image":"","background-repeat":"repeat","background-position":"center center","background-size":"auto","background-attachment":"scroll","background-type":"","background-media":"","overlay-type":"","overlay-color":"","overlay-opacity":"","overlay-gradient":""},"mobile":{"background-color":"var(--ast-global-color-5)","background-image":"","background-repeat":"repeat","background-position":"center center","background-size":"auto","background-attachment":"scroll","background-type":"","background-media":"","overlay-type":"","overlay-color":"","overlay-opacity":"","overlay-gradient":""}},"footnotes":""},"class_list":["post-3732","page","type-page","status-publish","hentry"],"uagb_featured_image_src":{"full":false,"thumbnail":false,"medium":false,"medium_large":false,"large":false,"1536x1536":false,"2048x2048":false,"trp-custom-language-flag":false,"mailpoet_newsletter_max":false,"woocommerce_thumbnail":false,"woocommerce_single":false,"woocommerce_gallery_thumbnail":false,"dgwt-wcas-product-suggestion":false},"uagb_author_info":{"display_name":"Peregrinosway@gmail.com","author_link":"https:\/\/peregrinosway.com\/en\/author\/peregrinoswaygmail-com\/"},"uagb_comment_info":0,"uagb_excerpt":"Bienvenido a PeregrinosWay. Estos T\u00e9rminos y Condiciones (\u00abT\u00e9rminos\u00bb) rigen tu uso de nuestro sitio web ubicado en www.peregrinosway.com y la compra de nuestros productos. Al acceder o utilizar el Sitio, aceptas cumplir con estos T\u00e9rminos. Si no est\u00e1s de acuerdo con alguna parte de los T\u00e9rminos, no debes utilizar el Sitio. Informaci\u00f3n de la Compa\u00f1\u00eda&hellip;","jetpack_sharing_enabled":true,"_links":{"self":[{"href":"https:\/\/peregrinosway.com\/en\/wp-json\/wp\/v2\/pages\/3732","targetHints":{"allow":["GET"]}}],"collection":[{"href":"https:\/\/peregrinosway.com\/en\/wp-json\/wp\/v2\/pages"}],"about":[{"href":"https:\/\/peregrinosway.com\/en\/wp-json\/wp\/v2\/types\/page"}],"author":[{"embeddable":true,"href":"https:\/\/peregrinosway.com\/en\/wp-json\/wp\/v2\/users\/1"}],"replies":[{"embeddable":true,"href":"https:\/\/peregrinosway.com\/en\/wp-json\/wp\/v2\/comments?post=3732"}],"version-history":[{"count":5,"href":"https:\/\/peregrinosway.com\/en\/wp-json\/wp\/v2\/pages\/3732\/revisions"}],"predecessor-version":[{"id":57458,"href":"https:\/\/peregrinosway.com\/en\/wp-json\/wp\/v2\/pages\/3732\/revisions\/57458"}],"wp:attachment":[{"href":"https:\/\/peregrinosway.com\/en\/wp-json\/wp\/v2\/media?parent=3732"}],"curies":[{"name":"wp","href":"https:\/\/api.w.org\/{rel}","templated":true}]}}