{"id":3729,"date":"2024-04-26T16:30:05","date_gmt":"2024-04-26T16:30:05","guid":{"rendered":"https:\/?page_id=3729"},"modified":"2025-08-24T11:14:44","modified_gmt":"2025-08-24T11:14:44","slug":"politica-de-privacidad","status":"publish","type":"page","link":"https:\/\/peregrinosway.com\/en\/politica-de-privacidad\/","title":{"rendered":"Pol\u00edtica de privacidad"},"content":{"rendered":"<p>En <strong>PeregrinosWay<\/strong> valoramos tu privacidad y la protecci\u00f3n de tus datos personales. Esta Pol\u00edtica de Privacidad describe c\u00f3mo recopilamos, utilizamos y protegemos tu informaci\u00f3n cuando visitas nuestro sitio web <a href=\"https:\/\/peregrinosway.com\/en\/\">www.peregrinosway.com<\/a>.<\/p>\n\n\n\n<h2 class=\"wp-block-heading\">Qui\u00e9nes somos<\/h2>\n\n\n\n<p>Nombre comercial: <strong>PeregrinosWay<\/strong><\/p>\n\n\n\n<p>Correo de contacto: <strong><a>info@peregrinosway.com<\/a><\/strong><\/p>\n\n\n\n<p>Ubicaci\u00f3n: Galicia, Espa\u00f1a<\/p>\n\n\n\n<h2 class=\"wp-block-heading\">Comentarios<\/h2>\n\n\n\n<p>Cuando los visitantes dejan comentarios en la web, recopilamos los datos que se muestran en el formulario de comentarios, as\u00ed como la direcci\u00f3n IP del visitante y la cadena de agentes de usuario del navegador para ayudar a la detecci\u00f3n de spam.<\/p>\n\n\n\n<p>Una cadena an\u00f3nima creada a partir de tu direcci\u00f3n de correo electr\u00f3nico (tambi\u00e9n llamada hash) puede ser proporcionada al servicio de Gravatar para ver si la est\u00e1s usando. La pol\u00edtica de privacidad del servicio Gravatar est\u00e1 disponible aqu\u00ed: https:\/\/automattic.com\/privacy\/. Despu\u00e9s de la aprobaci\u00f3n de tu comentario, la imagen de tu perfil es visible para el p\u00fablico en el contexto de tu comentario.<\/p>\n\n\n\n<h2 class=\"wp-block-heading\">Medios<\/h2>\n\n\n\n<p>Si subes im\u00e1genes a la web, evita incluir datos de ubicaci\u00f3n (EXIF GPS). Los visitantes pueden descargar y extraer estos datos de las im\u00e1genes.<\/p>\n\n\n\n<h2 class=\"wp-block-heading\">Cookies<\/h2>\n\n\n\n<p>Si dejas un comentario, puedes guardar tu nombre, email y web en cookies durante un a\u00f1o.<\/p>\n\n\n\n<p>Al iniciar sesi\u00f3n, se instalar\u00e1n cookies temporales para verificar si tu navegador las acepta.<\/p>\n\n\n\n<p>Tambi\u00e9n se guardan cookies de sesi\u00f3n y de preferencias de pantalla.<\/p>\n\n\n\n<p>Al editar o publicar un art\u00edculo, se guardar\u00e1 una cookie adicional (caduca al d\u00eda siguiente).<\/p>\n\n\n\n<p>Puedes gestionar y eliminar cookies desde la configuraci\u00f3n de tu navegador.<\/p>\n\n\n\n<h2 class=\"wp-block-heading\">Contenido incrustado de otros sitios web<\/h2>\n\n\n\n<p>Los art\u00edculos en esta web pueden incluir contenido incrustado (v\u00eddeos, im\u00e1genes, art\u00edculos, etc.). Dicho contenido se comporta de la misma forma que si visitaras la web de origen, que puede recopilar datos, usar cookies y realizar un seguimiento de tu interacci\u00f3n.<\/p>\n\n\n\n<h2 class=\"wp-block-heading\">Con qui\u00e9n compartimos tus datos<\/h2>\n\n\n\n<p>Si solicitas un restablecimiento de contrase\u00f1a, tu direcci\u00f3n IP ser\u00e1 incluida en el correo electr\u00f3nico de restablecimiento.<\/p>\n\n\n\n<h2 class=\"wp-block-heading\">Cu\u00e1nto tiempo conservamos tus datos<\/h2>\n\n\n\n<p>Los comentarios y sus metadatos se conservan indefinidamente.<\/p>\n\n\n\n<p>Si te registras en nuestra web, almacenamos la informaci\u00f3n personal de tu perfil mientras mantengas la cuenta activa.<\/p>\n\n\n\n<p>Los pedidos se almacenan durante <strong>7 a\u00f1os<\/strong> por motivos legales y fiscales.<\/p>\n\n\n\n<h2 class=\"wp-block-heading\">Qu\u00e9 derechos tienes sobre tus datos<\/h2>\n\n\n\n<p>Puedes solicitar:<\/p>\n\n\n\n<ul class=\"wp-block-list\">\n<li>Acceso a los datos que tenemos sobre ti.<\/li>\n\n\n\n<li>La rectificaci\u00f3n o eliminaci\u00f3n de tus datos personales.<\/li>\n\n\n\n<li>La limitaci\u00f3n del tratamiento de tus datos.<\/li>\n\n\n\n<li>La portabilidad de tus datos.<\/li>\n<\/ul>\n\n\n\n<p>Para ejercer estos derechos, cont\u00e1ctanos en <strong><a>info@peregrinosway.com<\/a><\/strong>.<\/p>\n\n\n\n<h2 class=\"wp-block-heading\">D\u00f3nde se env\u00edan tus datos<\/h2>\n\n\n\n<p>Los comentarios de los visitantes puede que los revise un servicio de detecci\u00f3n autom\u00e1tica de spam.<\/p>\n\n\n\n<p>Recopilamos informaci\u00f3n tuya durante el proceso de pago en nuestra tienda.<\/p>\n\n\n\n<h2 class=\"wp-block-heading\">Lo que recopilamos y almacenamos<\/h2>\n\n\n\n<p>Mientras visitas nuestro sitio realizaremos el seguimiento de:<\/p>\n\n\n\n<ul class=\"wp-block-list\">\n<li>Productos que has visto: Los usaremos para, por ejemplo, mostrarte los productos que has visto recientemente<\/li>\n\n\n\n<li>Ubicaci\u00f3n, direcci\u00f3n IP y tipo de navegador: usaremos esto para prop\u00f3sitos como estimar impuestos y costes de env\u00edo<\/li>\n\n\n\n<li>Direcci\u00f3n de env\u00edo: te pediremos que facilites esto para que podamos, por ejemplo, estimar el coste del env\u00edo antes de que hagas un pedido, \u00a1y enviarte el pedido!<\/li>\n<\/ul>\n\n\n\n<p>Tambi\u00e9n usamos cookies para realizar el seguimiento de los contenidos del carrito mientras navegas por nuestro sitio.<\/p>\n\n\n\n<p>Cuando nos compras algo te pedimos que facilites informaci\u00f3n que incluye tu nombre, direcci\u00f3n de facturaci\u00f3n, direcci\u00f3n de env\u00edo, direcci\u00f3n de correo electr\u00f3nico, n\u00famero de tel\u00e9fono, detalles de la tarjeta de cr\u00e9dito\/pago e informaci\u00f3n adicional opcional como el nombre de usuario y la contrase\u00f1a. Usaremos esta informaci\u00f3n para prop\u00f3sitos como:<\/p>\n\n\n\n<ul class=\"wp-block-list\">\n<li>Enviarte informaci\u00f3n sobre tu cuenta y pedido<\/li>\n\n\n\n<li>Responder a tus solicitudes, incluidos reembolsos y reclamaciones<\/li>\n\n\n\n<li>Procesar pagos y evitar el fraude<\/li>\n\n\n\n<li>Configurar tu cuenta para nuestra tienda<\/li>\n\n\n\n<li>Cumplir con cualquier obligaci\u00f3n legal que tengamos, como c\u00e1lculos de impuestos<\/li>\n\n\n\n<li>Mejorar las ofertas de nuestra tienda<\/li>\n\n\n\n<li>Enviarte mensajes promocionales, si eliges recibirlos<\/li>\n<\/ul>\n\n\n\n<p>Si creas una cuenta almacenaremos tu nombre, direcci\u00f3n, correo electr\u00f3nico y n\u00famero de tel\u00e9fono, lo que usaremos para el proceso de pago y futuros pedidos.<\/p>\n\n\n\n<p>Normalmente almacenamos informaci\u00f3n sobre ti durante el tiempo que necesitemos la informaci\u00f3n para los prop\u00f3sitos para los que la recopilamos y usamos, y no estemos legalmente obligados a seguir guard\u00e1ndola. Por ejemplo, almacenaremos informaci\u00f3n de los pedidos durante siete a\u00f1os para prop\u00f3sitos de impuestos y contabilidad. Esto incluye tu nombre, direcci\u00f3n de correo electr\u00f3nico y direcciones de facturaci\u00f3n y env\u00edo.<\/p>\n\n\n\n<p>Tambi\u00e9n almacenamos comentarios o valoraciones, si eliges dejarlos.<\/p>\n\n\n\n<h2 class=\"wp-block-heading\">Qui\u00e9n de nuestro equipo tiene acceso<\/h2>\n\n\n\n<p>Los miembros de nuestro equipo tienen acceso a la informaci\u00f3n que nos ofreces. Por ejemplo, los administradores y gestores de tienda pueden acceder:<\/p>\n\n\n\n<ul class=\"wp-block-list\">\n<li>La informaci\u00f3n de pedidos, como qu\u00e9 se compr\u00f3, cu\u00e1ndo se compr\u00f3 y d\u00f3nde se deber\u00eda enviar, y<\/li>\n\n\n\n<li>La informaci\u00f3n de cliente, como tu nombre, direcci\u00f3n de correo electr\u00f3nico, y la informaci\u00f3n de facturaci\u00f3n y env\u00edo.<\/li>\n<\/ul>\n\n\n\n<p>Los miembros de nuestro equipo tienen acceso a esta informaci\u00f3n para ayudar a completar pedidos, procesar reembolsos y darte soporte.<\/p>\n\n\n\n<h2 class=\"wp-block-heading\">Lo que compartimos con otros<\/h2>\n\n\n\n<p>Compartimos informaci\u00f3n con otros, que nos ayudan a ofrecer nuestros pedidos y gestionar servicios para ti<\/p>\n\n\n\n<h3 class=\"wp-block-heading\">Pagos<\/h3>\n\n\n\n<p>Aceptamos pagos mediante PayPal. Al procesar pagos algunos de tus datos se pasar\u00e1n a PayPal, incluida la informaci\u00f3n requerida para procesar o dar soporte al pago, tales como el total de la compra y la informaci\u00f3n de facturaci\u00f3n.<\/p>\n\n\n\n<p>Por favor, revisa la&nbsp;<a href=\"https:\/\/www.paypal.com\/es\/webapps\/mpp\/ua\/privacy-full\">pol\u00edtica de privacidad de PayPal<\/a>&nbsp;para m\u00e1s detalles.<\/p>\n\n\n\n<h2 class=\"wp-block-heading\">contact<\/h2>\n\n\n\n<p>Si tienes dudas sobre esta Pol\u00edtica de Privacidad o deseas ejercer tus derechos, puedes escribirnos a:<\/p>\n\n\n\n<p>Correo electr\u00f3nico: <strong><a>info@peregrinosway.com<\/a><\/strong><\/p>\n\n\n\n<p><\/p>","protected":false},"excerpt":{"rendered":"<p>En PeregrinosWay valoramos tu privacidad y la protecci\u00f3n de tus datos personales. Esta Pol\u00edtica de Privacidad describe c\u00f3mo recopilamos, utilizamos y protegemos tu informaci\u00f3n cuando visitas nuestro sitio web www.peregrinosway.com. Qui\u00e9nes somos Nombre comercial: PeregrinosWay Correo de contacto: info@peregrinosway.com Ubicaci\u00f3n: Galicia, Espa\u00f1a Comentarios Cuando los visitantes dejan comentarios en la web, recopilamos los datos que [&hellip;]<\/p>\n","protected":false},"author":1,"featured_media":0,"parent":0,"menu_order":0,"comment_status":"closed","ping_status":"closed","template":"","meta":{"_uag_custom_page_level_css":"","site-sidebar-layout":"default","site-content-layout":"","ast-site-content-layout":"default","site-content-style":"default","site-sidebar-style":"default","ast-global-header-display":"","ast-banner-title-visibility":"","ast-main-header-display":"","ast-hfb-above-header-display":"","ast-hfb-below-header-display":"","ast-hfb-mobile-header-display":"","site-post-title":"","ast-breadcrumbs-content":"","ast-featured-img":"","footer-sml-layout":"","theme-transparent-header-meta":"","adv-header-id-meta":"","stick-header-meta":"","header-above-stick-meta":"","header-main-stick-meta":"","header-below-stick-meta":"","astra-migrate-meta-layouts":"set","ast-page-background-enabled":"default","ast-page-background-meta":{"desktop":{"background-color":"","background-image":"","background-repeat":"repeat","background-position":"center center","background-size":"auto","background-attachment":"scroll","background-type":"","background-media":"","overlay-type":"","overlay-color":"","overlay-opacity":"","overlay-gradient":""},"tablet":{"background-color":"","background-image":"","background-repeat":"repeat","background-position":"center center","background-size":"auto","background-attachment":"scroll","background-type":"","background-media":"","overlay-type":"","overlay-color":"","overlay-opacity":"","overlay-gradient":""},"mobile":{"background-color":"","background-image":"","background-repeat":"repeat","background-position":"center center","background-size":"auto","background-attachment":"scroll","background-type":"","background-media":"","overlay-type":"","overlay-color":"","overlay-opacity":"","overlay-gradient":""}},"ast-content-background-meta":{"desktop":{"background-color":"var(--ast-global-color-5)","background-image":"","background-repeat":"repeat","background-position":"center center","background-size":"auto","background-attachment":"scroll","background-type":"","background-media":"","overlay-type":"","overlay-color":"","overlay-opacity":"","overlay-gradient":""},"tablet":{"background-color":"var(--ast-global-color-5)","background-image":"","background-repeat":"repeat","background-position":"center center","background-size":"auto","background-attachment":"scroll","background-type":"","background-media":"","overlay-type":"","overlay-color":"","overlay-opacity":"","overlay-gradient":""},"mobile":{"background-color":"var(--ast-global-color-5)","background-image":"","background-repeat":"repeat","background-position":"center center","background-size":"auto","background-attachment":"scroll","background-type":"","background-media":"","overlay-type":"","overlay-color":"","overlay-opacity":"","overlay-gradient":""}},"footnotes":""},"class_list":["post-3729","page","type-page","status-publish","hentry"],"uagb_featured_image_src":{"full":false,"thumbnail":false,"medium":false,"medium_large":false,"large":false,"1536x1536":false,"2048x2048":false,"trp-custom-language-flag":false,"mailpoet_newsletter_max":false,"woocommerce_thumbnail":false,"woocommerce_single":false,"woocommerce_gallery_thumbnail":false,"dgwt-wcas-product-suggestion":false},"uagb_author_info":{"display_name":"Peregrinosway@gmail.com","author_link":"https:\/\/peregrinosway.com\/en\/author\/peregrinoswaygmail-com\/"},"uagb_comment_info":0,"uagb_excerpt":"En PeregrinosWay valoramos tu privacidad y la protecci\u00f3n de tus datos personales. Esta Pol\u00edtica de Privacidad describe c\u00f3mo recopilamos, utilizamos y protegemos tu informaci\u00f3n cuando visitas nuestro sitio web www.peregrinosway.com. Qui\u00e9nes somos Nombre comercial: PeregrinosWay Correo de contacto: info@peregrinosway.com Ubicaci\u00f3n: Galicia, Espa\u00f1a Comentarios Cuando los visitantes dejan comentarios en la web, recopilamos los datos que&hellip;","jetpack_sharing_enabled":true,"_links":{"self":[{"href":"https:\/\/peregrinosway.com\/en\/wp-json\/wp\/v2\/pages\/3729","targetHints":{"allow":["GET"]}}],"collection":[{"href":"https:\/\/peregrinosway.com\/en\/wp-json\/wp\/v2\/pages"}],"about":[{"href":"https:\/\/peregrinosway.com\/en\/wp-json\/wp\/v2\/types\/page"}],"author":[{"embeddable":true,"href":"https:\/\/peregrinosway.com\/en\/wp-json\/wp\/v2\/users\/1"}],"replies":[{"embeddable":true,"href":"https:\/\/peregrinosway.com\/en\/wp-json\/wp\/v2\/comments?post=3729"}],"version-history":[{"count":4,"href":"https:\/\/peregrinosway.com\/en\/wp-json\/wp\/v2\/pages\/3729\/revisions"}],"predecessor-version":[{"id":57453,"href":"https:\/\/peregrinosway.com\/en\/wp-json\/wp\/v2\/pages\/3729\/revisions\/57453"}],"wp:attachment":[{"href":"https:\/\/peregrinosway.com\/en\/wp-json\/wp\/v2\/media?parent=3729"}],"curies":[{"name":"wp","href":"https:\/\/api.w.org\/{rel}","templated":true}]}}