{"id":29378,"date":"2024-07-20T11:59:36","date_gmt":"2024-07-20T11:59:36","guid":{"rendered":"https:\/?page_id=29378"},"modified":"2024-07-20T12:11:34","modified_gmt":"2024-07-20T12:11:34","slug":"politica-de-cookies","status":"publish","type":"page","link":"https:\/\/peregrinosway.com\/en\/politica-de-cookies\/","title":{"rendered":"Pol\u00edtica de Cookies"},"content":{"rendered":"<h4 class=\"wp-block-heading\">\u00bfQu\u00e9 son las cookies?<\/h4>\n\n\n\n<p>Las cookies son peque\u00f1os archivos de texto que se almacenan en su dispositivo cuando visita sitios web. Estas cookies permiten que el sitio web funcione correctamente, mejorando su experiencia de navegaci\u00f3n y proporcionando informaci\u00f3n a los propietarios del sitio.<\/p>\n\n\n\n<h4 class=\"wp-block-heading\">Tipos de cookies que utilizamos<\/h4>\n\n\n\n<p>En nuestra pol\u00edtica de cookies, detallamos los siguientes tipos de cookies que utilizamos en nuestra tienda online:<\/p>\n\n\n\n<ol class=\"wp-block-list\">\n<li><strong>Cookies t\u00e9cnicas<\/strong>:\n<ul class=\"wp-block-list\">\n<li>Estas cookies son esenciales para el funcionamiento de nuestro sitio web y le permiten utilizar funciones b\u00e1sicas, como la navegaci\u00f3n por las p\u00e1ginas y el acceso a \u00e1reas seguras del sitio. Sin estas cookies, nuestro sitio no puede funcionar correctamente.<\/li>\n<\/ul>\n<\/li>\n\n\n\n<li><strong>Cookies de an\u00e1lisis<\/strong>:\n<ul class=\"wp-block-list\">\n<li>Estas cookies nos ayudan a entender c\u00f3mo los visitantes interact\u00faan con nuestro sitio web, recopilando y proporcionando informaci\u00f3n de forma an\u00f3nima. Utilizamos esta informaci\u00f3n para mejorar nuestro sitio y sus servicios.<\/li>\n<\/ul>\n<\/li>\n\n\n\n<li><strong>Cookies de publicidad<\/strong>:\n<ul class=\"wp-block-list\">\n<li>Estas cookies se utilizan para hacer que la publicidad sea m\u00e1s relevante para usted y sus intereses. Tambi\u00e9n se utilizan para limitar el n\u00famero de veces que ve un anuncio y para ayudar a medir la efectividad de las campa\u00f1as publicitarias.<\/li>\n<\/ul>\n<\/li>\n\n\n\n<li><strong>Cookies de preferencia<\/strong>:\n<ul class=\"wp-block-list\">\n<li>Estas cookies permiten que nuestro sitio recuerde informaci\u00f3n que cambia la forma en que el sitio se comporta o se ve, como su idioma preferido o la regi\u00f3n en la que se encuentra.<\/li>\n<\/ul>\n<\/li>\n<\/ol>\n\n\n\n<h4 class=\"wp-block-heading\">C\u00f3mo utilizamos las cookies<\/h4>\n\n\n\n<p>Nuestra pol\u00edtica de cookies describe c\u00f3mo utilizamos las cookies para los siguientes prop\u00f3sitos:<\/p>\n\n\n\n<ul class=\"wp-block-list\">\n<li><strong>Autenticaci\u00f3n y seguridad<\/strong>: Para identificar y autenticar a nuestros usuarios, y para garantizar la seguridad de nuestros servicios.<\/li>\n\n\n\n<li><strong>Preferencias del usuario<\/strong>: Para recordar sus preferencias y configuraciones.<\/li>\n\n\n\n<li><strong>An\u00e1lisis y rendimiento<\/strong>: Para analizar c\u00f3mo se utiliza nuestro sitio web y mejorar su rendimiento.<\/li>\n\n\n\n<li><strong>Publicidad<\/strong>: Para personalizar los anuncios que ve en nuestro sitio y en otros sitios web.<\/li>\n<\/ul>\n\n\n\n<h4 class=\"wp-block-heading\">C\u00f3mo gestionar o desactivar las cookies<\/h4>\n\n\n\n<p>Puede gestionar sus preferencias de cookies en cualquier momento desde nuestro banner de cookies o configurando las opciones de su navegador para rechazar o eliminar cookies. A continuaci\u00f3n, se presentan enlaces a las p\u00e1ginas de ayuda de los navegadores m\u00e1s populares:<\/p>\n\n\n\n<ul class=\"wp-block-list\">\n<li><a>Google Chrome<\/a><\/li>\n\n\n\n<li><a href=\"https:\/\/support.mozilla.org\/es\/kb\/cookies-informacion-que-los-sitios-web-guardan-en-\">Mozilla Firefox<\/a><\/li>\n\n\n\n<li><a href=\"https:\/\/support.apple.com\/es-es\/guide\/safari\/sfri11471\/mac\">Safari<\/a><\/li>\n\n\n\n<li><a href=\"https:\/\/support.microsoft.com\/es-es\/help\/17442\/windows-internet-explorer-delete-manage-cookies\">Internet Explorer<\/a><\/li>\n\n\n\n<li><a href=\"https:\/\/support.microsoft.com\/es-es\/help\/4027947\/windows-delete-cookies\">Microsoft Edge<\/a><\/li>\n<\/ul>\n\n\n\n<h4 class=\"wp-block-heading\">contact<\/h4>\n\n\n\n<p>Si tiene alguna pregunta sobre nuestra pol\u00edtica de cookies, no dude en contactarnos a trav\u00e9s de:<\/p>\n\n\n\n<ul class=\"wp-block-list\">\n<li><strong>Correo electr\u00f3nico<\/strong>: <a>soporte<\/a>@peregrinosway.<a>com<\/a><\/li>\n<\/ul>","protected":false},"excerpt":{"rendered":"<p>\u00bfQu\u00e9 son las cookies? Las cookies son peque\u00f1os archivos de texto que se almacenan en su dispositivo cuando visita sitios web. Estas cookies permiten que el sitio web funcione correctamente, mejorando su experiencia de navegaci\u00f3n y proporcionando informaci\u00f3n a los propietarios del sitio. Tipos de cookies que utilizamos En nuestra pol\u00edtica de cookies, detallamos los [&hellip;]<\/p>\n","protected":false},"author":1,"featured_media":0,"parent":0,"menu_order":0,"comment_status":"closed","ping_status":"closed","template":"","meta":{"_uag_custom_page_level_css":"","site-sidebar-layout":"default","site-content-layout":"","ast-site-content-layout":"default","site-content-style":"default","site-sidebar-style":"default","ast-global-header-display":"","ast-banner-title-visibility":"","ast-main-header-display":"","ast-hfb-above-header-display":"","ast-hfb-below-header-display":"","ast-hfb-mobile-header-display":"","site-post-title":"","ast-breadcrumbs-content":"","ast-featured-img":"","footer-sml-layout":"","theme-transparent-header-meta":"","adv-header-id-meta":"","stick-header-meta":"","header-above-stick-meta":"","header-main-stick-meta":"","header-below-stick-meta":"","astra-migrate-meta-layouts":"set","ast-page-background-enabled":"default","ast-page-background-meta":{"desktop":{"background-color":"","background-image":"","background-repeat":"repeat","background-position":"center center","background-size":"auto","background-attachment":"scroll","background-type":"","background-media":"","overlay-type":"","overlay-color":"","overlay-opacity":"","overlay-gradient":""},"tablet":{"background-color":"","background-image":"","background-repeat":"repeat","background-position":"center center","background-size":"auto","background-attachment":"scroll","background-type":"","background-media":"","overlay-type":"","overlay-color":"","overlay-opacity":"","overlay-gradient":""},"mobile":{"background-color":"","background-image":"","background-repeat":"repeat","background-position":"center center","background-size":"auto","background-attachment":"scroll","background-type":"","background-media":"","overlay-type":"","overlay-color":"","overlay-opacity":"","overlay-gradient":""}},"ast-content-background-meta":{"desktop":{"background-color":"var(--ast-global-color-5)","background-image":"","background-repeat":"repeat","background-position":"center center","background-size":"auto","background-attachment":"scroll","background-type":"","background-media":"","overlay-type":"","overlay-color":"","overlay-opacity":"","overlay-gradient":""},"tablet":{"background-color":"var(--ast-global-color-5)","background-image":"","background-repeat":"repeat","background-position":"center center","background-size":"auto","background-attachment":"scroll","background-type":"","background-media":"","overlay-type":"","overlay-color":"","overlay-opacity":"","overlay-gradient":""},"mobile":{"background-color":"var(--ast-global-color-5)","background-image":"","background-repeat":"repeat","background-position":"center center","background-size":"auto","background-attachment":"scroll","background-type":"","background-media":"","overlay-type":"","overlay-color":"","overlay-opacity":"","overlay-gradient":""}},"footnotes":""},"class_list":["post-29378","page","type-page","status-publish","hentry"],"uagb_featured_image_src":{"full":false,"thumbnail":false,"medium":false,"medium_large":false,"large":false,"1536x1536":false,"2048x2048":false,"trp-custom-language-flag":false,"mailpoet_newsletter_max":false,"woocommerce_thumbnail":false,"woocommerce_single":false,"woocommerce_gallery_thumbnail":false,"dgwt-wcas-product-suggestion":false},"uagb_author_info":{"display_name":"Peregrinosway@gmail.com","author_link":"https:\/\/peregrinosway.com\/en\/author\/peregrinoswaygmail-com\/"},"uagb_comment_info":0,"uagb_excerpt":"\u00bfQu\u00e9 son las cookies? Las cookies son peque\u00f1os archivos de texto que se almacenan en su dispositivo cuando visita sitios web. Estas cookies permiten que el sitio web funcione correctamente, mejorando su experiencia de navegaci\u00f3n y proporcionando informaci\u00f3n a los propietarios del sitio. Tipos de cookies que utilizamos En nuestra pol\u00edtica de cookies, detallamos los&hellip;","jetpack_sharing_enabled":true,"_links":{"self":[{"href":"https:\/\/peregrinosway.com\/en\/wp-json\/wp\/v2\/pages\/29378","targetHints":{"allow":["GET"]}}],"collection":[{"href":"https:\/\/peregrinosway.com\/en\/wp-json\/wp\/v2\/pages"}],"about":[{"href":"https:\/\/peregrinosway.com\/en\/wp-json\/wp\/v2\/types\/page"}],"author":[{"embeddable":true,"href":"https:\/\/peregrinosway.com\/en\/wp-json\/wp\/v2\/users\/1"}],"replies":[{"embeddable":true,"href":"https:\/\/peregrinosway.com\/en\/wp-json\/wp\/v2\/comments?post=29378"}],"version-history":[{"count":2,"href":"https:\/\/peregrinosway.com\/en\/wp-json\/wp\/v2\/pages\/29378\/revisions"}],"predecessor-version":[{"id":29381,"href":"https:\/\/peregrinosway.com\/en\/wp-json\/wp\/v2\/pages\/29378\/revisions\/29381"}],"wp:attachment":[{"href":"https:\/\/peregrinosway.com\/en\/wp-json\/wp\/v2\/media?parent=29378"}],"curies":[{"name":"wp","href":"https:\/\/api.w.org\/{rel}","templated":true}]}}